{"id":867,"date":"2025-05-13T06:31:33","date_gmt":"2025-05-13T06:31:33","guid":{"rendered":"https:\/\/nexqube.com\/?page_id=867"},"modified":"2025-10-02T18:10:13","modified_gmt":"2025-10-02T18:10:13","slug":"impressum","status":"publish","type":"page","link":"https:\/\/nexqube.com\/en\/impressum\/","title":{"rendered":"Impressum"},"content":{"rendered":"<div data-elementor-type=\"wp-page\" data-elementor-id=\"867\" class=\"elementor elementor-867\" data-elementor-post-type=\"page\">\n\t\t\t\t<div class=\"elementor-element elementor-element-63f48f5 e-con-full e-flex e-con e-parent\" data-id=\"63f48f5\" data-element_type=\"container\" data-e-type=\"container\">\n\t\t<div class=\"elementor-element elementor-element-d72aaba e-con-full e-flex e-con e-child\" data-id=\"d72aaba\" data-element_type=\"container\" data-e-type=\"container\">\n\t\t\t\t<\/div>\n\t\t<div class=\"elementor-element elementor-element-ab98063 e-con-full e-flex e-con e-child\" data-id=\"ab98063\" data-element_type=\"container\" data-e-type=\"container\">\n\t\t\t\t<div class=\"elementor-element elementor-element-621d813 elementor-widget elementor-widget-heading\" data-id=\"621d813\" data-element_type=\"widget\" data-e-type=\"widget\" data-widget_type=\"heading.default\">\n\t\t\t\t<div class=\"elementor-widget-container\">\n\t\t\t\t\t<h2 class=\"elementor-heading-title elementor-size-default\">Contact &amp; Impressum<\/h2>\t\t\t\t<\/div>\n\t\t\t\t<\/div>\n\t\t\t\t<div class=\"elementor-element elementor-element-2f076bf elementor-widget elementor-widget-text-editor\" data-id=\"2f076bf\" data-element_type=\"widget\" data-e-type=\"widget\" data-widget_type=\"text-editor.default\">\n\t\t\t\t<div class=\"elementor-widget-container\">\n\t\t\t\t\t\t\t\t\t<p><b>NexQube<\/b><\/p><p><span style=\"font-size: 15px;\">G\u00fcnter Apel Nexus EK<\/span><\/p><p><span style=\"font-size: 15px;\">Rosenheimer Landstrasse 51<\/span><\/p><p><span style=\"font-size: 15px;\">85521 Ottobrunn<\/span><\/p><p class=\"translation-block\"><b>Phone:<\/b> 0151 2306 5518<br><b>Email:<\/b> info@NexQube.com<\/p><p class=\"translation-block\">Publisher: G\u00fcnter Apel (owner)<br>UID: DE263738352<br>Picture credits: G\u00fcnter Apel, Katja Hofmann<\/p><p>\u00a0<\/p><p>Trademark law: NexQube is a registered trademark.<\/p><p class=\"translation-block\">Exclusion of liability (disclaimer)<br>Source: http:\/\/www.e-recht24.de<\/p><p>\u00a0<\/p><p>Liability for content<\/p><p>As a service provider, we are responsible for our own content on these pages in accordance with Section 7 (1) TMG (German Telemedia Act) and general legislation. According to \u00a7\u00a7 8 to 10 TMG, however, we as a service provider are not obliged to monitor transmitted or stored third-party information or to investigate circumstances that indicate illegal activity. Obligations to remove or block the use of information in accordance with general legislation remain unaffected by this. However, liability in this respect is only possible from the time of knowledge of a specific infringement. As soon as we become aware of such infringements, we will remove this content immediately.<\/p><p>\u00a0<\/p><p>Liability for links<\/p><p>Our website contains links to external third-party websites over whose content we have no influence. Therefore, we cannot accept any liability for this third-party content. The respective provider or operator of the pages is always responsible for the content of the linked pages. The linked pages were checked for possible legal violations at the time of linking. Illegal contents were not recognisable at the time of linking. However, permanent monitoring of the content of the linked pages is not reasonable without concrete evidence of an infringement. If we become aware of any legal infringements, we will remove such links immediately.<\/p><p>\u00a0<\/p><p>Copyright<\/p><p>The content and works created by the site operators on these pages are subject to German copyright law. Duplication, processing, distribution and any kind of utilisation outside the limits of copyright law require the written consent of the respective author or creator. Downloads and copies of this site are only permitted for private, non-commercial use. Insofar as the content on this site was not created by the operator, the copyrights of third parties are respected. In particular, third-party content is labelled as such. Should you nevertheless become aware of a copyright infringement, please inform us accordingly. If we become aware of any infringements, we will remove such content immediately.<\/p>\t\t\t\t\t\t\t\t<\/div>\n\t\t\t\t<\/div>\n\t\t\t\t<\/div>\n\t\t\t\t<\/div>\n\t\t\t\t<\/div>","protected":false},"excerpt":{"rendered":"<p>Kontakt &amp; Impressum NexQube G\u00fcnter Apel Nexus EK Rosenheimer Landstrasse 51 85521 Ottobrunn Tel: 0151 2306 5518Email: info@NexQube.com Herausgeber: G\u00fcnter Apel (Inhaber)UID: DE263738352Bildnachweise: G\u00fcnter Apel, Katja Hofmann \u00a0 Markenrechtliches: NexQube ist eine eingetragene Marke. Haftungsausschluss (Disclaimer)Quelle: http:\/\/www.e-recht24.de \u00a0 Haftung f\u00fcr Inhalte Als Diensteanbieter sind wir gem\u00e4\u00df \u00a7 7 Abs.1 TMG f\u00fcr eigene Inhalte auf diesen [&hellip;]<\/p>","protected":false},"author":1,"featured_media":0,"parent":0,"menu_order":0,"comment_status":"closed","ping_status":"closed","template":"","meta":{"footnotes":""},"class_list":["post-867","page","type-page","status-publish","hentry"],"_links":{"self":[{"href":"https:\/\/nexqube.com\/en\/wp-json\/wp\/v2\/pages\/867","targetHints":{"allow":["GET"]}}],"collection":[{"href":"https:\/\/nexqube.com\/en\/wp-json\/wp\/v2\/pages"}],"about":[{"href":"https:\/\/nexqube.com\/en\/wp-json\/wp\/v2\/types\/page"}],"author":[{"embeddable":true,"href":"https:\/\/nexqube.com\/en\/wp-json\/wp\/v2\/users\/1"}],"replies":[{"embeddable":true,"href":"https:\/\/nexqube.com\/en\/wp-json\/wp\/v2\/comments?post=867"}],"version-history":[{"count":25,"href":"https:\/\/nexqube.com\/en\/wp-json\/wp\/v2\/pages\/867\/revisions"}],"predecessor-version":[{"id":2034,"href":"https:\/\/nexqube.com\/en\/wp-json\/wp\/v2\/pages\/867\/revisions\/2034"}],"wp:attachment":[{"href":"https:\/\/nexqube.com\/en\/wp-json\/wp\/v2\/media?parent=867"}],"curies":[{"name":"wp","href":"https:\/\/api.w.org\/{rel}","templated":true}]}}